{"id":8,"date":"2022-10-15T19:27:05","date_gmt":"2022-10-15T19:27:05","guid":{"rendered":"http:\/\/www.villa-artic.fi\/?page_id=8"},"modified":"2026-01-02T09:01:14","modified_gmt":"2026-01-02T09:01:14","slug":"etusivu","status":"publish","type":"page","link":"http:\/\/www.villa-artic.fi\/","title":{"rendered":"Villa Artic -kuvagalleria"},"content":{"rendered":"\t\t<div data-elementor-type=\"wp-page\" data-elementor-id=\"8\" class=\"elementor elementor-8\" data-elementor-post-type=\"page\">\n\t\t\t\t<div class=\"elementor-element elementor-element-53fdb6e3 e-flex e-con-boxed e-con e-parent\" data-id=\"53fdb6e3\" data-element_type=\"container\">\n\t\t\t\t\t<div class=\"e-con-inner\">\n\t\t\t\t<div class=\"elementor-element elementor-element-09526db elementor-widget elementor-widget-gallery\" data-id=\"09526db\" data-element_type=\"widget\" data-settings=\"{&quot;columns&quot;:3,&quot;columns_mobile&quot;:2,&quot;lazyload&quot;:&quot;yes&quot;,&quot;gallery_layout&quot;:&quot;grid&quot;,&quot;columns_tablet&quot;:2,&quot;gap&quot;:{&quot;unit&quot;:&quot;px&quot;,&quot;size&quot;:10,&quot;sizes&quot;:[]},&quot;gap_tablet&quot;:{&quot;unit&quot;:&quot;px&quot;,&quot;size&quot;:10,&quot;sizes&quot;:[]},&quot;gap_mobile&quot;:{&quot;unit&quot;:&quot;px&quot;,&quot;size&quot;:10,&quot;sizes&quot;:[]},&quot;link_to&quot;:&quot;file&quot;,&quot;aspect_ratio&quot;:&quot;3:2&quot;,&quot;overlay_background&quot;:&quot;yes&quot;,&quot;content_hover_animation&quot;:&quot;fade-in&quot;}\" data-widget_type=\"gallery.default\">\n\t\t\t\t\t\t\t<div class=\"elementor-gallery__container\">\n\t\t\t\t\t\t\t<a class=\"e-gallery-item elementor-gallery-item elementor-animated-content\" href=\"http:\/\/www.villa-artic.fi\/wp-content\/uploads\/2022\/10\/Villa-Artic-1f6265c03fec0710-large.jpg\" data-elementor-open-lightbox=\"yes\" data-elementor-lightbox-slideshow=\"09526db\" data-elementor-lightbox-title=\"Villa-Artic-1f6265c03fec0710-large\" data-e-action-hash=\"#elementor-action%3Aaction%3Dlightbox%26settings%3DeyJpZCI6ODgsInVybCI6Imh0dHA6XC9cL3d3dy52aWxsYS1hcnRpYy5maVwvd3AtY29udGVudFwvdXBsb2Fkc1wvMjAyMlwvMTBcL1ZpbGxhLUFydGljLTFmNjI2NWMwM2ZlYzA3MTAtbGFyZ2UuanBnIiwic2xpZGVzaG93IjoiMDk1MjZkYiJ9\">\n\t\t\t\t\t<div class=\"e-gallery-image elementor-gallery-item__image\" data-thumbnail=\"http:\/\/www.villa-artic.fi\/wp-content\/uploads\/2022\/10\/Villa-Artic-1f6265c03fec0710-large-768x512.jpg\" data-width=\"768\" data-height=\"512\" aria-label=\"\" role=\"img\" ><\/div>\n\t\t\t\t\t\t\t\t\t\t\t<div class=\"elementor-gallery-item__overlay\"><\/div>\n\t\t\t\t\t\t\t\t\t\t\t\t\t\t<\/a>\n\t\t\t\t\t\t\t<a class=\"e-gallery-item elementor-gallery-item elementor-animated-content\" href=\"http:\/\/www.villa-artic.fi\/wp-content\/uploads\/2022\/10\/Villa-Artic-5d8e418b38f3bd4d-large.jpg\" data-elementor-open-lightbox=\"yes\" data-elementor-lightbox-slideshow=\"09526db\" data-elementor-lightbox-title=\"Villa-Artic-5d8e418b38f3bd4d-large\" data-e-action-hash=\"#elementor-action%3Aaction%3Dlightbox%26settings%3DeyJpZCI6NzMsInVybCI6Imh0dHA6XC9cL3d3dy52aWxsYS1hcnRpYy5maVwvd3AtY29udGVudFwvdXBsb2Fkc1wvMjAyMlwvMTBcL1ZpbGxhLUFydGljLTVkOGU0MThiMzhmM2JkNGQtbGFyZ2UuanBnIiwic2xpZGVzaG93IjoiMDk1MjZkYiJ9\">\n\t\t\t\t\t<div class=\"e-gallery-image elementor-gallery-item__image\" data-thumbnail=\"http:\/\/www.villa-artic.fi\/wp-content\/uploads\/2022\/10\/Villa-Artic-5d8e418b38f3bd4d-large-768x512.jpg\" data-width=\"768\" data-height=\"512\" aria-label=\"\" role=\"img\" ><\/div>\n\t\t\t\t\t\t\t\t\t\t\t<div class=\"elementor-gallery-item__overlay\"><\/div>\n\t\t\t\t\t\t\t\t\t\t\t\t\t\t<\/a>\n\t\t\t\t\t\t\t<a class=\"e-gallery-item elementor-gallery-item elementor-animated-content\" href=\"http:\/\/www.villa-artic.fi\/wp-content\/uploads\/2022\/10\/Villa-Artic-3247eaa3aa80001a-large.jpg\" data-elementor-open-lightbox=\"yes\" data-elementor-lightbox-slideshow=\"09526db\" data-elementor-lightbox-title=\"Villa-Artic-3247eaa3aa80001a-large\" data-e-action-hash=\"#elementor-action%3Aaction%3Dlightbox%26settings%3DeyJpZCI6NzgsInVybCI6Imh0dHA6XC9cL3d3dy52aWxsYS1hcnRpYy5maVwvd3AtY29udGVudFwvdXBsb2Fkc1wvMjAyMlwvMTBcL1ZpbGxhLUFydGljLTMyNDdlYWEzYWE4MDAwMWEtbGFyZ2UuanBnIiwic2xpZGVzaG93IjoiMDk1MjZkYiJ9\">\n\t\t\t\t\t<div class=\"e-gallery-image elementor-gallery-item__image\" data-thumbnail=\"http:\/\/www.villa-artic.fi\/wp-content\/uploads\/2022\/10\/Villa-Artic-3247eaa3aa80001a-large-768x512.jpg\" data-width=\"768\" data-height=\"512\" aria-label=\"\" role=\"img\" ><\/div>\n\t\t\t\t\t\t\t\t\t\t\t<div class=\"elementor-gallery-item__overlay\"><\/div>\n\t\t\t\t\t\t\t\t\t\t\t\t\t\t<\/a>\n\t\t\t\t\t\t\t<a class=\"e-gallery-item elementor-gallery-item elementor-animated-content\" href=\"http:\/\/www.villa-artic.fi\/wp-content\/uploads\/2022\/10\/Villa-Artic-b51029bc005c722d-large.jpg\" data-elementor-open-lightbox=\"yes\" data-elementor-lightbox-slideshow=\"09526db\" data-elementor-lightbox-title=\"Villa-Artic-b51029bc005c722d-large\" data-e-action-hash=\"#elementor-action%3Aaction%3Dlightbox%26settings%3DeyJpZCI6NzUsInVybCI6Imh0dHA6XC9cL3d3dy52aWxsYS1hcnRpYy5maVwvd3AtY29udGVudFwvdXBsb2Fkc1wvMjAyMlwvMTBcL1ZpbGxhLUFydGljLWI1MTAyOWJjMDA1YzcyMmQtbGFyZ2UuanBnIiwic2xpZGVzaG93IjoiMDk1MjZkYiJ9\">\n\t\t\t\t\t<div class=\"e-gallery-image elementor-gallery-item__image\" data-thumbnail=\"http:\/\/www.villa-artic.fi\/wp-content\/uploads\/2022\/10\/Villa-Artic-b51029bc005c722d-large-768x512.jpg\" data-width=\"768\" data-height=\"512\" aria-label=\"\" role=\"img\" ><\/div>\n\t\t\t\t\t\t\t\t\t\t\t<div class=\"elementor-gallery-item__overlay\"><\/div>\n\t\t\t\t\t\t\t\t\t\t\t\t\t\t<\/a>\n\t\t\t\t\t\t\t<a class=\"e-gallery-item elementor-gallery-item elementor-animated-content\" href=\"http:\/\/www.villa-artic.fi\/wp-content\/uploads\/2022\/10\/Villa-Artic-de74861bf211631b-large.jpg\" data-elementor-open-lightbox=\"yes\" data-elementor-lightbox-slideshow=\"09526db\" data-elementor-lightbox-title=\"Villa-Artic-de74861bf211631b-large\" data-e-action-hash=\"#elementor-action%3Aaction%3Dlightbox%26settings%3DeyJpZCI6NzcsInVybCI6Imh0dHA6XC9cL3d3dy52aWxsYS1hcnRpYy5maVwvd3AtY29udGVudFwvdXBsb2Fkc1wvMjAyMlwvMTBcL1ZpbGxhLUFydGljLWRlNzQ4NjFiZjIxMTYzMWItbGFyZ2UuanBnIiwic2xpZGVzaG93IjoiMDk1MjZkYiJ9\">\n\t\t\t\t\t<div class=\"e-gallery-image elementor-gallery-item__image\" data-thumbnail=\"http:\/\/www.villa-artic.fi\/wp-content\/uploads\/2022\/10\/Villa-Artic-de74861bf211631b-large-768x512.jpg\" data-width=\"768\" data-height=\"512\" aria-label=\"\" role=\"img\" ><\/div>\n\t\t\t\t\t\t\t\t\t\t\t<div class=\"elementor-gallery-item__overlay\"><\/div>\n\t\t\t\t\t\t\t\t\t\t\t\t\t\t<\/a>\n\t\t\t\t\t\t\t<a class=\"e-gallery-item elementor-gallery-item elementor-animated-content\" href=\"http:\/\/www.villa-artic.fi\/wp-content\/uploads\/2022\/10\/Villa-Artic-340ad7e919d4a90f-large.jpg\" data-elementor-open-lightbox=\"yes\" data-elementor-lightbox-slideshow=\"09526db\" data-elementor-lightbox-title=\"Villa-Artic-340ad7e919d4a90f-large\" data-e-action-hash=\"#elementor-action%3Aaction%3Dlightbox%26settings%3DeyJpZCI6NzksInVybCI6Imh0dHA6XC9cL3d3dy52aWxsYS1hcnRpYy5maVwvd3AtY29udGVudFwvdXBsb2Fkc1wvMjAyMlwvMTBcL1ZpbGxhLUFydGljLTM0MGFkN2U5MTlkNGE5MGYtbGFyZ2UuanBnIiwic2xpZGVzaG93IjoiMDk1MjZkYiJ9\">\n\t\t\t\t\t<div class=\"e-gallery-image elementor-gallery-item__image\" data-thumbnail=\"http:\/\/www.villa-artic.fi\/wp-content\/uploads\/2022\/10\/Villa-Artic-340ad7e919d4a90f-large.jpg\" data-width=\"720\" data-height=\"1080\" aria-label=\"\" role=\"img\" ><\/div>\n\t\t\t\t\t\t\t\t\t\t\t<div class=\"elementor-gallery-item__overlay\"><\/div>\n\t\t\t\t\t\t\t\t\t\t\t\t\t\t<\/a>\n\t\t\t\t\t\t\t<a class=\"e-gallery-item elementor-gallery-item elementor-animated-content\" href=\"http:\/\/www.villa-artic.fi\/wp-content\/uploads\/2022\/10\/Villa-Artic-e35ad0b5238d20b7-large.jpg\" data-elementor-open-lightbox=\"yes\" data-elementor-lightbox-slideshow=\"09526db\" data-elementor-lightbox-title=\"Villa-Artic-e35ad0b5238d20b7-large\" data-e-action-hash=\"#elementor-action%3Aaction%3Dlightbox%26settings%3DeyJpZCI6ODEsInVybCI6Imh0dHA6XC9cL3d3dy52aWxsYS1hcnRpYy5maVwvd3AtY29udGVudFwvdXBsb2Fkc1wvMjAyMlwvMTBcL1ZpbGxhLUFydGljLWUzNWFkMGI1MjM4ZDIwYjctbGFyZ2UuanBnIiwic2xpZGVzaG93IjoiMDk1MjZkYiJ9\">\n\t\t\t\t\t<div class=\"e-gallery-image elementor-gallery-item__image\" data-thumbnail=\"http:\/\/www.villa-artic.fi\/wp-content\/uploads\/2022\/10\/Villa-Artic-e35ad0b5238d20b7-large-768x512.jpg\" data-width=\"768\" data-height=\"512\" aria-label=\"\" role=\"img\" ><\/div>\n\t\t\t\t\t\t\t\t\t\t\t<div class=\"elementor-gallery-item__overlay\"><\/div>\n\t\t\t\t\t\t\t\t\t\t\t\t\t\t<\/a>\n\t\t\t\t\t\t\t<a class=\"e-gallery-item elementor-gallery-item elementor-animated-content\" href=\"http:\/\/www.villa-artic.fi\/wp-content\/uploads\/2022\/10\/Villa-Artic-2fb337963b39d6ee-large.jpg\" data-elementor-open-lightbox=\"yes\" data-elementor-lightbox-slideshow=\"09526db\" data-elementor-lightbox-title=\"Villa-Artic-2fb337963b39d6ee-large\" data-e-action-hash=\"#elementor-action%3Aaction%3Dlightbox%26settings%3DeyJpZCI6ODAsInVybCI6Imh0dHA6XC9cL3d3dy52aWxsYS1hcnRpYy5maVwvd3AtY29udGVudFwvdXBsb2Fkc1wvMjAyMlwvMTBcL1ZpbGxhLUFydGljLTJmYjMzNzk2M2IzOWQ2ZWUtbGFyZ2UuanBnIiwic2xpZGVzaG93IjoiMDk1MjZkYiJ9\">\n\t\t\t\t\t<div class=\"e-gallery-image elementor-gallery-item__image\" data-thumbnail=\"http:\/\/www.villa-artic.fi\/wp-content\/uploads\/2022\/10\/Villa-Artic-2fb337963b39d6ee-large.jpg\" data-width=\"720\" data-height=\"1080\" aria-label=\"\" role=\"img\" ><\/div>\n\t\t\t\t\t\t\t\t\t\t\t<div class=\"elementor-gallery-item__overlay\"><\/div>\n\t\t\t\t\t\t\t\t\t\t\t\t\t\t<\/a>\n\t\t\t\t\t\t\t<a class=\"e-gallery-item elementor-gallery-item elementor-animated-content\" href=\"http:\/\/www.villa-artic.fi\/wp-content\/uploads\/2022\/10\/Villa-Artic-d11c056e69924dc3-large.jpg\" data-elementor-open-lightbox=\"yes\" data-elementor-lightbox-slideshow=\"09526db\" data-elementor-lightbox-title=\"Villa-Artic-d11c056e69924dc3-large\" data-e-action-hash=\"#elementor-action%3Aaction%3Dlightbox%26settings%3DeyJpZCI6ODMsInVybCI6Imh0dHA6XC9cL3d3dy52aWxsYS1hcnRpYy5maVwvd3AtY29udGVudFwvdXBsb2Fkc1wvMjAyMlwvMTBcL1ZpbGxhLUFydGljLWQxMWMwNTZlNjk5MjRkYzMtbGFyZ2UuanBnIiwic2xpZGVzaG93IjoiMDk1MjZkYiJ9\">\n\t\t\t\t\t<div class=\"e-gallery-image elementor-gallery-item__image\" data-thumbnail=\"http:\/\/www.villa-artic.fi\/wp-content\/uploads\/2022\/10\/Villa-Artic-d11c056e69924dc3-large-768x512.jpg\" data-width=\"768\" data-height=\"512\" aria-label=\"\" role=\"img\" ><\/div>\n\t\t\t\t\t\t\t\t\t\t\t<div class=\"elementor-gallery-item__overlay\"><\/div>\n\t\t\t\t\t\t\t\t\t\t\t\t\t\t<\/a>\n\t\t\t\t\t\t\t<a class=\"e-gallery-item elementor-gallery-item elementor-animated-content\" href=\"http:\/\/www.villa-artic.fi\/wp-content\/uploads\/2022\/10\/Villa-Artic-403c728ea844fd59-large.jpg\" data-elementor-open-lightbox=\"yes\" data-elementor-lightbox-slideshow=\"09526db\" data-elementor-lightbox-title=\"Villa-Artic-403c728ea844fd59-large\" data-e-action-hash=\"#elementor-action%3Aaction%3Dlightbox%26settings%3DeyJpZCI6ODIsInVybCI6Imh0dHA6XC9cL3d3dy52aWxsYS1hcnRpYy5maVwvd3AtY29udGVudFwvdXBsb2Fkc1wvMjAyMlwvMTBcL1ZpbGxhLUFydGljLTQwM2M3MjhlYTg0NGZkNTktbGFyZ2UuanBnIiwic2xpZGVzaG93IjoiMDk1MjZkYiJ9\">\n\t\t\t\t\t<div class=\"e-gallery-image elementor-gallery-item__image\" data-thumbnail=\"http:\/\/www.villa-artic.fi\/wp-content\/uploads\/2022\/10\/Villa-Artic-403c728ea844fd59-large-768x960.jpg\" data-width=\"768\" data-height=\"960\" aria-label=\"\" role=\"img\" ><\/div>\n\t\t\t\t\t\t\t\t\t\t\t<div class=\"elementor-gallery-item__overlay\"><\/div>\n\t\t\t\t\t\t\t\t\t\t\t\t\t\t<\/a>\n\t\t\t\t\t\t\t<a class=\"e-gallery-item elementor-gallery-item elementor-animated-content\" href=\"http:\/\/www.villa-artic.fi\/wp-content\/uploads\/2022\/10\/Villa-Artic-f601ba2507fba43f-large.jpg\" data-elementor-open-lightbox=\"yes\" data-elementor-lightbox-slideshow=\"09526db\" data-elementor-lightbox-title=\"Villa-Artic-f601ba2507fba43f-large\" data-e-action-hash=\"#elementor-action%3Aaction%3Dlightbox%26settings%3DeyJpZCI6ODUsInVybCI6Imh0dHA6XC9cL3d3dy52aWxsYS1hcnRpYy5maVwvd3AtY29udGVudFwvdXBsb2Fkc1wvMjAyMlwvMTBcL1ZpbGxhLUFydGljLWY2MDFiYTI1MDdmYmE0M2YtbGFyZ2UuanBnIiwic2xpZGVzaG93IjoiMDk1MjZkYiJ9\">\n\t\t\t\t\t<div class=\"e-gallery-image elementor-gallery-item__image\" data-thumbnail=\"http:\/\/www.villa-artic.fi\/wp-content\/uploads\/2022\/10\/Villa-Artic-f601ba2507fba43f-large-768x512.jpg\" data-width=\"768\" data-height=\"512\" aria-label=\"\" role=\"img\" ><\/div>\n\t\t\t\t\t\t\t\t\t\t\t<div class=\"elementor-gallery-item__overlay\"><\/div>\n\t\t\t\t\t\t\t\t\t\t\t\t\t\t<\/a>\n\t\t\t\t\t\t\t<a class=\"e-gallery-item elementor-gallery-item elementor-animated-content\" href=\"http:\/\/www.villa-artic.fi\/wp-content\/uploads\/2022\/10\/Villa-Artic-4b0d98d0da0cfd39-large.jpg\" data-elementor-open-lightbox=\"yes\" data-elementor-lightbox-slideshow=\"09526db\" data-elementor-lightbox-title=\"Villa-Artic-4b0d98d0da0cfd39-large\" data-e-action-hash=\"#elementor-action%3Aaction%3Dlightbox%26settings%3DeyJpZCI6ODQsInVybCI6Imh0dHA6XC9cL3d3dy52aWxsYS1hcnRpYy5maVwvd3AtY29udGVudFwvdXBsb2Fkc1wvMjAyMlwvMTBcL1ZpbGxhLUFydGljLTRiMGQ5OGQwZGEwY2ZkMzktbGFyZ2UuanBnIiwic2xpZGVzaG93IjoiMDk1MjZkYiJ9\">\n\t\t\t\t\t<div class=\"e-gallery-image elementor-gallery-item__image\" data-thumbnail=\"http:\/\/www.villa-artic.fi\/wp-content\/uploads\/2022\/10\/Villa-Artic-4b0d98d0da0cfd39-large-768x512.jpg\" data-width=\"768\" data-height=\"512\" aria-label=\"\" role=\"img\" ><\/div>\n\t\t\t\t\t\t\t\t\t\t\t<div class=\"elementor-gallery-item__overlay\"><\/div>\n\t\t\t\t\t\t\t\t\t\t\t\t\t\t<\/a>\n\t\t\t\t\t\t\t<a class=\"e-gallery-item elementor-gallery-item elementor-animated-content\" href=\"http:\/\/www.villa-artic.fi\/wp-content\/uploads\/2022\/10\/Villa-Artic-f158ad7b6ffc0651-large.jpg\" data-elementor-open-lightbox=\"yes\" data-elementor-lightbox-slideshow=\"09526db\" data-elementor-lightbox-title=\"Villa-Artic-f158ad7b6ffc0651-large\" data-e-action-hash=\"#elementor-action%3Aaction%3Dlightbox%26settings%3DeyJpZCI6NzYsInVybCI6Imh0dHA6XC9cL3d3dy52aWxsYS1hcnRpYy5maVwvd3AtY29udGVudFwvdXBsb2Fkc1wvMjAyMlwvMTBcL1ZpbGxhLUFydGljLWYxNThhZDdiNmZmYzA2NTEtbGFyZ2UuanBnIiwic2xpZGVzaG93IjoiMDk1MjZkYiJ9\">\n\t\t\t\t\t<div class=\"e-gallery-image elementor-gallery-item__image\" data-thumbnail=\"http:\/\/www.villa-artic.fi\/wp-content\/uploads\/2022\/10\/Villa-Artic-f158ad7b6ffc0651-large-768x512.jpg\" data-width=\"768\" data-height=\"512\" aria-label=\"\" role=\"img\" ><\/div>\n\t\t\t\t\t\t\t\t\t\t\t<div class=\"elementor-gallery-item__overlay\"><\/div>\n\t\t\t\t\t\t\t\t\t\t\t\t\t\t<\/a>\n\t\t\t\t\t\t\t<a class=\"e-gallery-item elementor-gallery-item elementor-animated-content\" href=\"http:\/\/www.villa-artic.fi\/wp-content\/uploads\/2022\/10\/Villa-Artic-de74861bf211631b-medium.jpg\" data-elementor-open-lightbox=\"yes\" data-elementor-lightbox-slideshow=\"09526db\" data-elementor-lightbox-title=\"Villa-Artic-de74861bf211631b-medium\" data-e-action-hash=\"#elementor-action%3Aaction%3Dlightbox%26settings%3DeyJpZCI6NDAsInVybCI6Imh0dHA6XC9cL3d3dy52aWxsYS1hcnRpYy5maVwvd3AtY29udGVudFwvdXBsb2Fkc1wvMjAyMlwvMTBcL1ZpbGxhLUFydGljLWRlNzQ4NjFiZjIxMTYzMWItbWVkaXVtLmpwZyIsInNsaWRlc2hvdyI6IjA5NTI2ZGIifQ%3D%3D\">\n\t\t\t\t\t<div class=\"e-gallery-image elementor-gallery-item__image\" data-thumbnail=\"http:\/\/www.villa-artic.fi\/wp-content\/uploads\/2022\/10\/Villa-Artic-de74861bf211631b-medium.jpg\" data-width=\"505\" data-height=\"336\" aria-label=\"\" role=\"img\" ><\/div>\n\t\t\t\t\t\t\t\t\t\t\t<div class=\"elementor-gallery-item__overlay\"><\/div>\n\t\t\t\t\t\t\t\t\t\t\t\t\t\t<\/a>\n\t\t\t\t\t\t\t<a class=\"e-gallery-item elementor-gallery-item elementor-animated-content\" href=\"http:\/\/www.villa-artic.fi\/wp-content\/uploads\/2025\/12\/480525075_1228990359231490_3288094593331673181_n.jpg\" data-elementor-open-lightbox=\"yes\" data-elementor-lightbox-slideshow=\"09526db\" data-elementor-lightbox-title=\"480525075_1228990359231490_3288094593331673181_n\" data-e-action-hash=\"#elementor-action%3Aaction%3Dlightbox%26settings%3DeyJpZCI6MTk3LCJ1cmwiOiJodHRwOlwvXC93d3cudmlsbGEtYXJ0aWMuZmlcL3dwLWNvbnRlbnRcL3VwbG9hZHNcLzIwMjVcLzEyXC80ODA1MjUwNzVfMTIyODk5MDM1OTIzMTQ5MF8zMjg4MDk0NTkzMzMxNjczMTgxX24uanBnIiwic2xpZGVzaG93IjoiMDk1MjZkYiJ9\">\n\t\t\t\t\t<div class=\"e-gallery-image elementor-gallery-item__image\" data-thumbnail=\"http:\/\/www.villa-artic.fi\/wp-content\/uploads\/2025\/12\/480525075_1228990359231490_3288094593331673181_n-768x404.jpg\" data-width=\"768\" data-height=\"404\" aria-label=\"\" role=\"img\" ><\/div>\n\t\t\t\t\t\t\t\t\t\t\t<div class=\"elementor-gallery-item__overlay\"><\/div>\n\t\t\t\t\t\t\t\t\t\t\t\t\t\t<\/a>\n\t\t\t\t\t<\/div>\n\t\t\t\t\t<\/div>\n\t\t\t\t\t<\/div>\n\t\t\t\t<\/div>\n\t\t<div class=\"elementor-element elementor-element-f228533 e-flex e-con-boxed e-con e-parent\" data-id=\"f228533\" data-element_type=\"container\">\n\t\t\t\t\t<div class=\"e-con-inner\">\n\t\t<div class=\"elementor-element elementor-element-af40b66 e-con-full e-flex e-con e-child\" data-id=\"af40b66\" data-element_type=\"container\">\n\t\t\t\t<div class=\"elementor-element elementor-element-460c77b elementor-view-default elementor-widget elementor-widget-icon\" data-id=\"460c77b\" data-element_type=\"widget\" data-widget_type=\"icon.default\">\n\t\t\t\t\t\t\t<div class=\"elementor-icon-wrapper\">\n\t\t\t<div class=\"elementor-icon\">\n\t\t\t<svg aria-hidden=\"true\" class=\"e-font-icon-svg e-fas-check\" viewBox=\"0 0 512 512\" xmlns=\"http:\/\/www.w3.org\/2000\/svg\"><path d=\"M173.898 439.404l-166.4-166.4c-9.997-9.997-9.997-26.206 0-36.204l36.203-36.204c9.997-9.998 26.207-9.998 36.204 0L192 312.69 432.095 72.596c9.997-9.997 26.207-9.997 36.204 0l36.203 36.204c9.997 9.997 9.997 26.206 0 36.204l-294.4 294.401c-9.998 9.997-26.207 9.997-36.204-.001z\"><\/path><\/svg>\t\t\t<\/div>\n\t\t<\/div>\n\t\t\t\t\t\t<\/div>\n\t\t\t\t<div class=\"elementor-element elementor-element-6a50c15 elementor-widget elementor-widget-heading\" data-id=\"6a50c15\" data-element_type=\"widget\" data-widget_type=\"heading.default\">\n\t\t\t\t\t<h2 class=\"elementor-heading-title elementor-size-default\">Palvelut<\/h2>\t\t\t\t<\/div>\n\t\t\t\t<div class=\"elementor-element elementor-element-d0880b5 elementor-widget elementor-widget-text-editor\" data-id=\"d0880b5\" data-element_type=\"widget\" data-widget_type=\"text-editor.default\">\n\t\t\t\t\t\t\t\t\t<p class=\"p1\">Levikeskuksen palvelut ovat vain kilometrin p\u00e4\u00e4ss\u00e4. Levikeskus tarjoaa todella laajan valikoiman ravintoloita sek\u00e4 tietenkin eritt\u00e4in kattavan valikoiman omaavat kaupat. Shoppailuun eritt\u00e4in sopiva paikka!<\/p>\t\t\t\t\t\t\t\t<\/div>\n\t\t\t\t<\/div>\n\t\t<div class=\"elementor-element elementor-element-f19f41d e-con-full e-flex e-con e-child\" data-id=\"f19f41d\" data-element_type=\"container\">\n\t\t\t\t<div class=\"elementor-element elementor-element-cbc3649 elementor-view-default elementor-widget elementor-widget-icon\" data-id=\"cbc3649\" data-element_type=\"widget\" data-widget_type=\"icon.default\">\n\t\t\t\t\t\t\t<div class=\"elementor-icon-wrapper\">\n\t\t\t<div class=\"elementor-icon\">\n\t\t\t<svg aria-hidden=\"true\" class=\"e-font-icon-svg e-far-star\" viewBox=\"0 0 576 512\" xmlns=\"http:\/\/www.w3.org\/2000\/svg\"><path d=\"M528.1 171.5L382 150.2 316.7 17.8c-11.7-23.6-45.6-23.9-57.4 0L194 150.2 47.9 171.5c-26.2 3.8-36.7 36.1-17.7 54.6l105.7 103-25 145.5c-4.5 26.3 23.2 46 46.4 33.7L288 439.6l130.7 68.7c23.2 12.2 50.9-7.4 46.4-33.7l-25-145.5 105.7-103c19-18.5 8.5-50.8-17.7-54.6zM388.6 312.3l23.7 138.4L288 385.4l-124.3 65.3 23.7-138.4-100.6-98 139-20.2 62.2-126 62.2 126 139 20.2-100.6 98z\"><\/path><\/svg>\t\t\t<\/div>\n\t\t<\/div>\n\t\t\t\t\t\t<\/div>\n\t\t\t\t<div class=\"elementor-element elementor-element-8ec62c6 elementor-widget elementor-widget-heading\" data-id=\"8ec62c6\" data-element_type=\"widget\" data-widget_type=\"heading.default\">\n\t\t\t\t\t<h2 class=\"elementor-heading-title elementor-size-default\">Harrastukset<\/h2>\t\t\t\t<\/div>\n\t\t\t\t<div class=\"elementor-element elementor-element-41c7c8b elementor-widget elementor-widget-text-editor\" data-id=\"41c7c8b\" data-element_type=\"widget\" data-widget_type=\"text-editor.default\">\n\t\t\t\t\t\t\t\t\t<p class=\"p1\">Levill\u00e4 voi harrastaa monenlaisia urheilulajeja, laskettelua, polkupy\u00f6r\u00e4ily\u00e4, golfia, ratsastusta,\u00a0 unohtamatta ICE Cartingia! T\u00e4\u00e4ll\u00e4 et varmasti p\u00e4\u00e4se tylsistym\u00e4\u00e4n!<\/p>\t\t\t\t\t\t\t\t<\/div>\n\t\t\t\t<\/div>\n\t\t<div class=\"elementor-element elementor-element-464ac29 e-con-full e-flex e-con e-child\" data-id=\"464ac29\" data-element_type=\"container\">\n\t\t\t\t<div class=\"elementor-element elementor-element-559a290 elementor-view-default elementor-widget elementor-widget-icon\" data-id=\"559a290\" data-element_type=\"widget\" data-widget_type=\"icon.default\">\n\t\t\t\t\t\t\t<div class=\"elementor-icon-wrapper\">\n\t\t\t<div class=\"elementor-icon\">\n\t\t\t<svg aria-hidden=\"true\" class=\"e-font-icon-svg e-fas-bolt\" viewBox=\"0 0 320 512\" xmlns=\"http:\/\/www.w3.org\/2000\/svg\"><path d=\"M296 160H180.6l42.6-129.8C227.2 15 215.7 0 200 0H56C44 0 33.8 8.9 32.2 20.8l-32 240C-1.7 275.2 9.5 288 24 288h118.7L96.6 482.5c-3.6 15.2 8 29.5 23.3 29.5 8.4 0 16.4-4.4 20.8-12l176-304c9.3-15.9-2.2-36-20.7-36z\"><\/path><\/svg>\t\t\t<\/div>\n\t\t<\/div>\n\t\t\t\t\t\t<\/div>\n\t\t\t\t<div class=\"elementor-element elementor-element-fe43fdd elementor-widget elementor-widget-heading\" data-id=\"fe43fdd\" data-element_type=\"widget\" data-widget_type=\"heading.default\">\n\t\t\t\t\t<h2 class=\"elementor-heading-title elementor-size-default\">Tapahtumat<\/h2>\t\t\t\t<\/div>\n\t\t\t\t<div class=\"elementor-element elementor-element-2e77dd0 elementor-widget elementor-widget-text-editor\" data-id=\"2e77dd0\" data-element_type=\"widget\" data-widget_type=\"text-editor.default\">\n\t\t\t\t\t\t\t\t\t<p class=\"p1\">Levill\u00e4 sijaitseva Hullu Poro Areena tarjoaa komean kattauksen t\u00e4m\u00e4n hetken suosikkeja viikoittain. Ihku sek\u00e4 monet muut ravintolat anniskelevat varmasti mukavat illanvietot!<\/p>\t\t\t\t\t\t\t\t<\/div>\n\t\t\t\t<\/div>\n\t\t\t\t\t<\/div>\n\t\t\t\t<\/div>\n\t\t<div class=\"elementor-element elementor-element-dcafc35 e-flex e-con-boxed e-con e-parent\" data-id=\"dcafc35\" data-element_type=\"container\" data-settings=\"{&quot;background_background&quot;:&quot;classic&quot;,&quot;background_motion_fx_motion_fx_scrolling&quot;:&quot;yes&quot;,&quot;background_motion_fx_translateY_effect&quot;:&quot;yes&quot;,&quot;background_motion_fx_translateY_speed&quot;:{&quot;unit&quot;:&quot;px&quot;,&quot;size&quot;:4,&quot;sizes&quot;:[]},&quot;background_motion_fx_translateY_affectedRange&quot;:{&quot;unit&quot;:&quot;%&quot;,&quot;size&quot;:&quot;&quot;,&quot;sizes&quot;:{&quot;start&quot;:0,&quot;end&quot;:100}},&quot;background_motion_fx_devices&quot;:[&quot;desktop&quot;,&quot;tablet&quot;,&quot;mobile&quot;]}\">\n\t\t\t\t\t<div class=\"e-con-inner\">\n\t\t\t\t\t<\/div>\n\t\t\t\t<\/div>\n\t\t\t\t<\/div>\n\t\t","protected":false},"excerpt":{"rendered":"<p>Palvelut Levikeskuksen palvelut ovat vain kilometrin p\u00e4\u00e4ss\u00e4. Levikeskus tarjoaa todella laajan valikoiman ravintoloita sek\u00e4 tietenkin eritt\u00e4in kattavan valikoiman omaavat kaupat. Shoppailuun eritt\u00e4in sopiva paikka! Harrastukset Levill\u00e4 voi harrastaa monenlaisia urheilulajeja, laskettelua, polkupy\u00f6r\u00e4ily\u00e4, golfia, ratsastusta,\u00a0 unohtamatta ICE Cartingia! T\u00e4\u00e4ll\u00e4 et varmasti p\u00e4\u00e4se tylsistym\u00e4\u00e4n! Tapahtumat Levill\u00e4 sijaitseva Hullu Poro Areena tarjoaa komean kattauksen t\u00e4m\u00e4n hetken suosikkeja viikoittain.&hellip;&nbsp;<a href=\"http:\/\/www.villa-artic.fi\/\" class=\"\" rel=\"bookmark\">Lue lis\u00e4\u00e4 &raquo;<span class=\"screen-reader-text\">Villa Artic -kuvagalleria<\/span><\/a><\/p>\n","protected":false},"author":1,"featured_media":17,"parent":0,"menu_order":0,"comment_status":"closed","ping_status":"closed","template":"","meta":{"neve_meta_sidebar":"default","neve_meta_container":"contained","neve_meta_enable_content_width":"off","neve_meta_content_width":70,"neve_meta_title_alignment":"center","neve_meta_author_avatar":"","neve_post_elements_order":"","neve_meta_disable_header":"","neve_meta_disable_footer":"","neve_meta_disable_title":"off","footnotes":""},"class_list":["post-8","page","type-page","status-publish","has-post-thumbnail","hentry"],"_links":{"self":[{"href":"http:\/\/www.villa-artic.fi\/index.php?rest_route=\/wp\/v2\/pages\/8","targetHints":{"allow":["GET"]}}],"collection":[{"href":"http:\/\/www.villa-artic.fi\/index.php?rest_route=\/wp\/v2\/pages"}],"about":[{"href":"http:\/\/www.villa-artic.fi\/index.php?rest_route=\/wp\/v2\/types\/page"}],"author":[{"embeddable":true,"href":"http:\/\/www.villa-artic.fi\/index.php?rest_route=\/wp\/v2\/users\/1"}],"replies":[{"embeddable":true,"href":"http:\/\/www.villa-artic.fi\/index.php?rest_route=%2Fwp%2Fv2%2Fcomments&post=8"}],"version-history":[{"count":60,"href":"http:\/\/www.villa-artic.fi\/index.php?rest_route=\/wp\/v2\/pages\/8\/revisions"}],"predecessor-version":[{"id":265,"href":"http:\/\/www.villa-artic.fi\/index.php?rest_route=\/wp\/v2\/pages\/8\/revisions\/265"}],"wp:featuredmedia":[{"embeddable":true,"href":"http:\/\/www.villa-artic.fi\/index.php?rest_route=\/wp\/v2\/media\/17"}],"wp:attachment":[{"href":"http:\/\/www.villa-artic.fi\/index.php?rest_route=%2Fwp%2Fv2%2Fmedia&parent=8"}],"curies":[{"name":"wp","href":"https:\/\/api.w.org\/{rel}","templated":true}]}}